{"id":8666,"date":"2023-07-10T15:05:40","date_gmt":"2023-07-10T13:05:40","guid":{"rendered":"https:\/\/dukaty.sk\/?page_id=8666"},"modified":"2023-07-10T15:13:47","modified_gmt":"2023-07-10T13:13:47","slug":"elementor-8666","status":"publish","type":"page","link":"https:\/\/www.dukatyproperty.sk\/en\/elementor-8666\/","title":{"rendered":"M\u00f3d \u00fadr\u017eby"},"content":{"rendered":"<div data-elementor-type=\"wp-page\" data-elementor-id=\"8666\" class=\"elementor elementor-8666\" data-elementor-post-type=\"page\">\n\t\t\t\t<div class=\"elementor-element elementor-element-237ebf6 e-flex e-con-boxed e-con e-parent\" data-id=\"237ebf6\" data-element_type=\"container\">\n\t\t\t\t\t<div class=\"e-con-inner\">\n\t\t\t\t<div class=\"elementor-element elementor-element-1dde7a0 elementor-widget elementor-widget-image\" data-id=\"1dde7a0\" data-element_type=\"widget\" data-widget_type=\"image.default\">\n\t\t\t\t<div class=\"elementor-widget-container\">\n\t\t\t\t\t\t\t\t\t\t\t\t\t<img decoding=\"async\" src=\"https:\/\/www.dukatyproperty.sk\/wp-content\/uploads\/elementor\/thumbs\/logo_green-r1tnj3xb4camd9zlfot0ctxf2e9c3rrao87eyyk4lg.png\" title=\"logo_green\" alt=\"logo_green\" loading=\"lazy\" \/>\t\t\t\t\t\t\t\t\t\t\t\t\t<\/div>\n\t\t\t\t<\/div>\n\t\t\t\t\t<\/div>\n\t\t\t\t<\/div>\n\t\t<div class=\"elementor-element elementor-element-d4c753b e-flex e-con-boxed e-con e-parent\" data-id=\"d4c753b\" data-element_type=\"container\">\n\t\t\t\t\t<div class=\"e-con-inner\">\n\t\t\t\t<div class=\"elementor-element elementor-element-c716fb7 elementor-widget elementor-widget-text-editor\" data-id=\"c716fb7\" data-element_type=\"widget\" data-widget_type=\"text-editor.default\">\n\t\t\t\t<div class=\"elementor-widget-container\">\n\t\t\t\t\t\t\t<h3 style=\"text-align: center;\">Pr\u00e1ve prebieha<br \/>pl\u00e1novan\u00e1 \u00fadr\u017eba webu<\/h3><p style=\"text-align: center;\">\u00a0<\/p><p style=\"text-align: center;\">Pre z\u00edskanie inform\u00e1ci\u00ed, ktor\u00e9 ste h\u013eadali, pros\u00edm, nav\u0161t\u00edvte internetov\u00fa str\u00e1nku po skon\u010den\u00ed \u00fadr\u017eby, alebo n\u00e1s kontaktujte na t\u00fdchto kontaktoch:<\/p><p style=\"text-align: center;\">+421 915 851 758<br \/>info@dukaty.sk<\/p><p style=\"text-align: center;\">DUKATY property, s.r.o.<br \/>Jozefa Kronera 15<br \/>036 01 Martin\u200b<\/p>\t\t\t\t\t\t<\/div>\n\t\t\t\t<\/div>\n\t\t\t\t\t<\/div>\n\t\t\t\t<\/div>\n\t\t\t\t<\/div>","protected":false},"excerpt":{"rendered":"<p>Pr\u00e1ve prebiehapl\u00e1novan\u00e1 \u00fadr\u017eba webu \u00a0 Pre z\u00edskanie inform\u00e1ci\u00ed, ktor\u00e9 ste h\u013eadali, pros\u00edm, nav\u0161t\u00edvte internetov\u00fa str\u00e1nku po skon\u010den\u00ed \u00fadr\u017eby, alebo n\u00e1s kontaktujte na t\u00fdchto kontaktoch: +421 915 851 758info@dukaty.sk DUKATY property,&#8230;<\/p>","protected":false},"author":3,"featured_media":0,"parent":0,"menu_order":0,"comment_status":"closed","ping_status":"closed","template":"","meta":{"_monsterinsights_skip_tracking":false,"_monsterinsights_sitenote_active":false,"_monsterinsights_sitenote_note":"","_monsterinsights_sitenote_category":0,"footnotes":""},"yoast_head":"<!-- This site is optimized with the Yoast SEO plugin v23.0 - https:\/\/yoast.com\/wordpress\/plugins\/seo\/ -->\n<title>M\u00f3d \u00fadr\u017eby - DUKATY<\/title>\n<meta name=\"robots\" content=\"index, follow, max-snippet:-1, max-image-preview:large, max-video-preview:-1\" \/>\n<link rel=\"canonical\" href=\"https:\/\/www.dukatyproperty.sk\/en\/elementor-8666\/\" \/>\n<meta property=\"og:locale\" content=\"en_US\" \/>\n<meta property=\"og:type\" content=\"article\" \/>\n<meta property=\"og:title\" content=\"M\u00f3d \u00fadr\u017eby - DUKATY\" \/>\n<meta property=\"og:description\" content=\"Pr\u00e1ve prebiehapl\u00e1novan\u00e1 \u00fadr\u017eba webu \u00a0 Pre z\u00edskanie inform\u00e1ci\u00ed, ktor\u00e9 ste h\u013eadali, pros\u00edm, nav\u0161t\u00edvte internetov\u00fa str\u00e1nku po skon\u010den\u00ed \u00fadr\u017eby, alebo n\u00e1s kontaktujte na t\u00fdchto kontaktoch: +421 915 851 758info@dukaty.sk DUKATY property,...\" \/>\n<meta property=\"og:url\" content=\"https:\/\/www.dukatyproperty.sk\/en\/elementor-8666\/\" \/>\n<meta property=\"og:site_name\" content=\"DUKATY\" \/>\n<meta property=\"article:modified_time\" content=\"2023-07-10T13:13:47+00:00\" \/>\n<meta property=\"og:image\" content=\"https:\/\/www.dukatyproperty.sk\/wp-content\/uploads\/elementor\/thumbs\/logo_green-q8ksududnl58pfm0xz0webroiixnh1cfghjxwdgc3o.png\" \/>\n<meta name=\"twitter:card\" content=\"summary_large_image\" \/>\n<meta name=\"twitter:label1\" content=\"Est. reading time\" \/>\n\t<meta name=\"twitter:data1\" content=\"1 minute\" \/>\n<script type=\"application\/ld+json\" class=\"yoast-schema-graph\">{\"@context\":\"https:\/\/schema.org\",\"@graph\":[{\"@type\":\"WebPage\",\"@id\":\"https:\/\/www.dukatyproperty.sk\/elementor-8666\/\",\"url\":\"https:\/\/www.dukatyproperty.sk\/elementor-8666\/\",\"name\":\"M\u00f3d \u00fadr\u017eby - DUKATY\",\"isPartOf\":{\"@id\":\"https:\/\/www.dukatyproperty.sk\/#website\"},\"primaryImageOfPage\":{\"@id\":\"https:\/\/www.dukatyproperty.sk\/elementor-8666\/#primaryimage\"},\"image\":{\"@id\":\"https:\/\/www.dukatyproperty.sk\/elementor-8666\/#primaryimage\"},\"thumbnailUrl\":\"https:\/\/www.dukatyproperty.sk\/wp-content\/uploads\/elementor\/thumbs\/logo_green-q8ksududnl58pfm0xz0webroiixnh1cfghjxwdgc3o.png\",\"datePublished\":\"2023-07-10T13:05:40+00:00\",\"dateModified\":\"2023-07-10T13:13:47+00:00\",\"breadcrumb\":{\"@id\":\"https:\/\/www.dukatyproperty.sk\/elementor-8666\/#breadcrumb\"},\"inLanguage\":\"en-US\",\"potentialAction\":[{\"@type\":\"ReadAction\",\"target\":[\"https:\/\/www.dukatyproperty.sk\/elementor-8666\/\"]}]},{\"@type\":\"ImageObject\",\"inLanguage\":\"en-US\",\"@id\":\"https:\/\/www.dukatyproperty.sk\/elementor-8666\/#primaryimage\",\"url\":\"https:\/\/www.dukatyproperty.sk\/wp-content\/uploads\/elementor\/thumbs\/logo_green-q8ksududnl58pfm0xz0webroiixnh1cfghjxwdgc3o.png\",\"contentUrl\":\"https:\/\/www.dukatyproperty.sk\/wp-content\/uploads\/elementor\/thumbs\/logo_green-q8ksududnl58pfm0xz0webroiixnh1cfghjxwdgc3o.png\"},{\"@type\":\"BreadcrumbList\",\"@id\":\"https:\/\/www.dukatyproperty.sk\/elementor-8666\/#breadcrumb\",\"itemListElement\":[{\"@type\":\"ListItem\",\"position\":1,\"name\":\"Domovsk\u00e1 str\u00e1nka\",\"item\":\"https:\/\/www.dukatyproperty.sk\/\"},{\"@type\":\"ListItem\",\"position\":2,\"name\":\"M\u00f3d \u00fadr\u017eby\"}]},{\"@type\":\"WebSite\",\"@id\":\"https:\/\/www.dukatyproperty.sk\/#website\",\"url\":\"https:\/\/www.dukatyproperty.sk\/\",\"name\":\"DUKATY\",\"description\":\"Lisovan\u00e9 plasty priamo z Nig\u00e9rie\",\"publisher\":{\"@id\":\"https:\/\/www.dukatyproperty.sk\/#organization\"},\"potentialAction\":[{\"@type\":\"SearchAction\",\"target\":{\"@type\":\"EntryPoint\",\"urlTemplate\":\"https:\/\/www.dukatyproperty.sk\/?s={search_term_string}\"},\"query-input\":\"required name=search_term_string\"}],\"inLanguage\":\"en-US\"},{\"@type\":\"Organization\",\"@id\":\"https:\/\/www.dukatyproperty.sk\/#organization\",\"name\":\"DUKATY\",\"url\":\"https:\/\/www.dukatyproperty.sk\/\",\"logo\":{\"@type\":\"ImageObject\",\"inLanguage\":\"en-US\",\"@id\":\"https:\/\/www.dukatyproperty.sk\/#\/schema\/logo\/image\/\",\"url\":\"https:\/\/www.dukatyproperty.sk\/wp-content\/uploads\/2019\/08\/dukaty-logo-header-color.svg\",\"contentUrl\":\"https:\/\/www.dukatyproperty.sk\/wp-content\/uploads\/2019\/08\/dukaty-logo-header-color.svg\",\"width\":412,\"height\":100,\"caption\":\"DUKATY\"},\"image\":{\"@id\":\"https:\/\/www.dukatyproperty.sk\/#\/schema\/logo\/image\/\"}}]}<\/script>\n<!-- \/ Yoast SEO plugin. -->","yoast_head_json":{"title":"M\u00f3d \u00fadr\u017eby - DUKATY","robots":{"index":"index","follow":"follow","max-snippet":"max-snippet:-1","max-image-preview":"max-image-preview:large","max-video-preview":"max-video-preview:-1"},"canonical":"https:\/\/www.dukatyproperty.sk\/en\/elementor-8666\/","og_locale":"en_US","og_type":"article","og_title":"M\u00f3d \u00fadr\u017eby - DUKATY","og_description":"Pr\u00e1ve prebiehapl\u00e1novan\u00e1 \u00fadr\u017eba webu \u00a0 Pre z\u00edskanie inform\u00e1ci\u00ed, ktor\u00e9 ste h\u013eadali, pros\u00edm, nav\u0161t\u00edvte internetov\u00fa str\u00e1nku po skon\u010den\u00ed \u00fadr\u017eby, alebo n\u00e1s kontaktujte na t\u00fdchto kontaktoch: +421 915 851 758info@dukaty.sk DUKATY property,...","og_url":"https:\/\/www.dukatyproperty.sk\/en\/elementor-8666\/","og_site_name":"DUKATY","article_modified_time":"2023-07-10T13:13:47+00:00","og_image":[{"url":"https:\/\/www.dukatyproperty.sk\/wp-content\/uploads\/elementor\/thumbs\/logo_green-q8ksududnl58pfm0xz0webroiixnh1cfghjxwdgc3o.png"}],"twitter_card":"summary_large_image","twitter_misc":{"Est. reading time":"1 minute"},"schema":{"@context":"https:\/\/schema.org","@graph":[{"@type":"WebPage","@id":"https:\/\/www.dukatyproperty.sk\/elementor-8666\/","url":"https:\/\/www.dukatyproperty.sk\/elementor-8666\/","name":"M\u00f3d \u00fadr\u017eby - DUKATY","isPartOf":{"@id":"https:\/\/www.dukatyproperty.sk\/#website"},"primaryImageOfPage":{"@id":"https:\/\/www.dukatyproperty.sk\/elementor-8666\/#primaryimage"},"image":{"@id":"https:\/\/www.dukatyproperty.sk\/elementor-8666\/#primaryimage"},"thumbnailUrl":"https:\/\/www.dukatyproperty.sk\/wp-content\/uploads\/elementor\/thumbs\/logo_green-q8ksududnl58pfm0xz0webroiixnh1cfghjxwdgc3o.png","datePublished":"2023-07-10T13:05:40+00:00","dateModified":"2023-07-10T13:13:47+00:00","breadcrumb":{"@id":"https:\/\/www.dukatyproperty.sk\/elementor-8666\/#breadcrumb"},"inLanguage":"en-US","potentialAction":[{"@type":"ReadAction","target":["https:\/\/www.dukatyproperty.sk\/elementor-8666\/"]}]},{"@type":"ImageObject","inLanguage":"en-US","@id":"https:\/\/www.dukatyproperty.sk\/elementor-8666\/#primaryimage","url":"https:\/\/www.dukatyproperty.sk\/wp-content\/uploads\/elementor\/thumbs\/logo_green-q8ksududnl58pfm0xz0webroiixnh1cfghjxwdgc3o.png","contentUrl":"https:\/\/www.dukatyproperty.sk\/wp-content\/uploads\/elementor\/thumbs\/logo_green-q8ksududnl58pfm0xz0webroiixnh1cfghjxwdgc3o.png"},{"@type":"BreadcrumbList","@id":"https:\/\/www.dukatyproperty.sk\/elementor-8666\/#breadcrumb","itemListElement":[{"@type":"ListItem","position":1,"name":"Domovsk\u00e1 str\u00e1nka","item":"https:\/\/www.dukatyproperty.sk\/"},{"@type":"ListItem","position":2,"name":"M\u00f3d \u00fadr\u017eby"}]},{"@type":"WebSite","@id":"https:\/\/www.dukatyproperty.sk\/#website","url":"https:\/\/www.dukatyproperty.sk\/","name":"DUKATY","description":"Lisovan\u00e9 plasty priamo z Nig\u00e9rie","publisher":{"@id":"https:\/\/www.dukatyproperty.sk\/#organization"},"potentialAction":[{"@type":"SearchAction","target":{"@type":"EntryPoint","urlTemplate":"https:\/\/www.dukatyproperty.sk\/?s={search_term_string}"},"query-input":"required name=search_term_string"}],"inLanguage":"en-US"},{"@type":"Organization","@id":"https:\/\/www.dukatyproperty.sk\/#organization","name":"DUKATY","url":"https:\/\/www.dukatyproperty.sk\/","logo":{"@type":"ImageObject","inLanguage":"en-US","@id":"https:\/\/www.dukatyproperty.sk\/#\/schema\/logo\/image\/","url":"https:\/\/www.dukatyproperty.sk\/wp-content\/uploads\/2019\/08\/dukaty-logo-header-color.svg","contentUrl":"https:\/\/www.dukatyproperty.sk\/wp-content\/uploads\/2019\/08\/dukaty-logo-header-color.svg","width":412,"height":100,"caption":"DUKATY"},"image":{"@id":"https:\/\/www.dukatyproperty.sk\/#\/schema\/logo\/image\/"}}]}},"_links":{"self":[{"href":"https:\/\/www.dukatyproperty.sk\/en\/wp-json\/wp\/v2\/pages\/8666"}],"collection":[{"href":"https:\/\/www.dukatyproperty.sk\/en\/wp-json\/wp\/v2\/pages"}],"about":[{"href":"https:\/\/www.dukatyproperty.sk\/en\/wp-json\/wp\/v2\/types\/page"}],"author":[{"embeddable":true,"href":"https:\/\/www.dukatyproperty.sk\/en\/wp-json\/wp\/v2\/users\/3"}],"replies":[{"embeddable":true,"href":"https:\/\/www.dukatyproperty.sk\/en\/wp-json\/wp\/v2\/comments?post=8666"}],"version-history":[{"count":22,"href":"https:\/\/www.dukatyproperty.sk\/en\/wp-json\/wp\/v2\/pages\/8666\/revisions"}],"predecessor-version":[{"id":8690,"href":"https:\/\/www.dukatyproperty.sk\/en\/wp-json\/wp\/v2\/pages\/8666\/revisions\/8690"}],"wp:attachment":[{"href":"https:\/\/www.dukatyproperty.sk\/en\/wp-json\/wp\/v2\/media?parent=8666"}],"curies":[{"name":"wp","href":"https:\/\/api.w.org\/{rel}","templated":true}]}}